{"id":14,"date":"2020-10-22T10:00:27","date_gmt":"2020-10-22T15:00:27","guid":{"rendered":"https:\/\/santarafaela.edu.pe\/index.php\/all-courses\/"},"modified":"2025-12-13T10:54:21","modified_gmt":"2025-12-13T15:54:21","slug":"quienes-somos","status":"publish","type":"page","link":"https:\/\/santarafaela.edu.pe\/index.php\/quienes-somos\/","title":{"rendered":"Qui\u00e9nes Somos"},"content":{"rendered":"\n<div class=\"wp-block-uagb-container uagb-block-d7cba157 alignfull uagb-is-root-container\"><div class=\"uagb-container-inner-blocks-wrap\">\n<h2 class=\"has-white-color has-text-color\" style=\"font-size:60px\">Colegio <br>Santa Rafaela<\/h2>\n\n\n\n<div class=\"wp-block-uagb-icon-list uagb-block-023e3d08\"><div class=\"uagb-icon-list__wrap\">\n<div class=\"wp-block-uagb-icon-list-child uagb-block-e23433cb\"><span class=\"uagb-icon-list__source-wrap\"><svg xmlns=\"https:\/\/www.w3.org\/2000\/svg\" viewBox=\"0 0 512 512\"><path d=\"M512 256C512 397.4 397.4 512 256 512C114.6 512 0 397.4 0 256C0 114.6 114.6 0 256 0C397.4 0 512 114.6 512 256zM176 168V344C176 352.7 180.7 360.7 188.3 364.9C195.8 369.2 205.1 369 212.5 364.5L356.5 276.5C363.6 272.1 368 264.4 368 256C368 247.6 363.6 239.9 356.5 235.5L212.5 147.5C205.1 142.1 195.8 142.8 188.3 147.1C180.7 151.3 176 159.3 176 168V168z\"><\/path><\/svg><\/span><span class=\"uagb-icon-list__label\">28 a\u00f1os al servicio de la educaci\u00f3n peruana.<\/span><\/div>\n<\/div><\/div>\n<\/div><\/div>\n\n\n\n<p><\/p>\n\n\n\n<p><\/p>\n\n\n\n<div class=\"wp-block-uagb-container uagb-block-41b9b6eb alignfull uagb-is-root-container\"><div class=\"uagb-container-inner-blocks-wrap\">\n<div class=\"wp-block-uagb-advanced-heading uagb-block-3e4fd1a7\"><h2 class=\"uagb-heading-text\">Qui\u00e9nes somos<\/h2><\/div>\n\n\n\n<p>Somos una <strong>Instituci\u00f3n Educativa Particular<\/strong> que brinda una educaci\u00f3n de calidad, sustentada en un <strong>Proyecto Educativo Institucional s\u00f3lido y coherente<\/strong>, alineado con los retos de la educaci\u00f3n actual. Nuestra propuesta pedag\u00f3gica se desarrolla bajo el <strong>enfoque por competencias<\/strong> y los principios del <strong>modelo sociocognitivo humanista<\/strong>, promoviendo aprendizajes significativos, activos y progresivos en los niveles de <strong>Inicial y Primaria<\/strong>.<\/p>\n\n\n\n<p>Nuestra metodolog\u00eda prioriza el <strong>aprendizaje vivencial<\/strong>, donde los estudiantes aprenden a trav\u00e9s de la acci\u00f3n, la reflexi\u00f3n, la exploraci\u00f3n y la experimentaci\u00f3n, respetando sus ritmos y procesos de aprendizaje. De manera transversal, promovemos valores, competencias y habilidades propias del siglo XXI, tales como el pensamiento cr\u00edtico, la creatividad, la comunicaci\u00f3n, la autonom\u00eda y la convivencia.<\/p>\n\n\n\n<p>La Instituci\u00f3n Educativa Particular Santa Rafaela, con m\u00e1s de 27 a\u00f1os de trayectoria, funciona desde 1998 al servicio de la comunidad educativa del Callao, atendiendo los niveles de Inicial y Primaria, bajo la Direcci\u00f3n de la Sra. Mar\u00eda Antonieta Lulli Escobar. Nuestro compromiso permanente es responder a las necesidades educativas de nuestros estudiantes y familias, garantizando una formaci\u00f3n integral, humana y de calidad.<\/p>\n\n\n\n<h3><strong>Nivel Inicial<\/strong><\/h3>\n\n\n\n<p>En el nivel Inicial, acompa\u00f1amos a los ni\u00f1os en sus primeras experiencias educativas, brind\u00e1ndoles un ambiente seguro, afectivo y estimulante. El aprendizaje se construye principalmente a trav\u00e9s del <strong>juego, la exploraci\u00f3n y el experimentar<\/strong>, favoreciendo el desarrollo de capacidades cognitivas, motrices, comunicativas y socioemocionales. Respetamos los ritmos individuales y promovemos la autonom\u00eda, la curiosidad y la expresi\u00f3n emocional, sentando bases s\u00f3lidas para el aprendizaje futuro.<\/p>\n\n\n\n<h3><strong>Nivel Primaria<\/strong><\/h3>\n\n\n\n<p>En el nivel Primaria, fortalecemos progresivamente las competencias adquiridas, promoviendo un aprendizaje m\u00e1s reflexivo y aut\u00f3nomo. A trav\u00e9s de experiencias significativas, el uso pertinente de la tecnolog\u00eda educativa y la mediaci\u00f3n docente, desarrollamos el pensamiento cr\u00edtico, la comprensi\u00f3n lectora, el razonamiento l\u00f3gico y las habilidades socioemocionales. Preparando a nuestros estudiantes para enfrentar nuevos retos acad\u00e9micos con responsabilidad, confianza y compromiso.<\/p>\n\n\n\n<p><\/p>\n<\/div><\/div>\n\n\n\n<div class=\"wp-block-uagb-container uagb-block-1ae39668 alignfull uagb-is-root-container\"><div class=\"uagb-container-inner-blocks-wrap\">\n<div class=\"is-layout-flex wp-container-3 wp-block-columns\" style=\"border-style:none;border-width:0px;border-radius:0px;padding-top:0;padding-right:0;padding-bottom:0;padding-left:0;font-size:30px\">\n<div class=\"is-layout-flow wp-block-column\" style=\"flex-basis:20%\"><\/div>\n\n\n\n<div class=\"is-layout-flow wp-block-column is-vertically-aligned-top\" style=\"flex-basis:20%\"><\/div>\n<\/div>\n<\/div><\/div>\n\n\n\n<div class=\"wp-block-uagb-container uagb-block-738e8dda alignfull uagb-is-root-container\"><div class=\"uagb-container-inner-blocks-wrap\">\n<p><\/p>\n\n\n\n<div class=\"is-layout-flex wp-container-6 wp-block-columns\">\n<div class=\"is-layout-flow wp-block-column\">\n<h3 class=\"has-text-align-center has-ast-global-color-5-color has-text-color\">Misi\u00f3n<\/h3>\n\n\n\n<p class=\"has-text-align-center has-ast-global-color-5-color has-text-color\" style=\"font-size:14px\">Nuestra misi\u00f3n es brindar una <strong>educaci\u00f3n integral y de calidad<\/strong> en los niveles de <strong>Inicial y Primaria<\/strong>, promoviendo la <strong>excelencia acad\u00e9mica<\/strong> desde un enfoque <strong>sociocognitivo humanista<\/strong>. Acompa\u00f1amos a nuestros estudiantes en su desarrollo personal, social y acad\u00e9mico, respetando sus <strong>ritmos y procesos de aprendizaje<\/strong>, y fomentando <strong>valores \u00e9ticos y morales<\/strong> que les permitan convertirse en personas <strong>aut\u00f3nomas, creativas, responsables e innovadoras<\/strong>, capaces de responder a las demandas de la sociedad actual.<\/p>\n<\/div>\n\n\n\n<div class=\"is-layout-flow wp-block-column\">\n<h3 class=\"has-text-align-center has-ast-global-color-5-color has-text-color\">Visi\u00f3n<\/h3>\n\n\n\n<p class=\"has-text-align-center has-ast-global-color-5-color has-text-color\" style=\"font-size:14px\">Al 2028, la Instituci\u00f3n Educativa Santa Rafaela se consolidar\u00e1 como una instituci\u00f3n l\u00edder en el distrito, garantizando una educaci\u00f3n integral y de calidad, con docentes altamente capacitados e identificados con el proyecto educativo institucional, promoviendo la excelencia acad\u00e9mica, la formaci\u00f3n en valores, la responsabilidad ambiental y la mejora continua de sus procesos educativos.<\/p>\n<\/div>\n<\/div>\n\n\n\n<p><\/p>\n<\/div><\/div>\n\n\n\n<div class=\"wp-block-uagb-container uagb-block-751c8b97 alignfull uagb-is-root-container\"><div class=\"uagb-container-inner-blocks-wrap\">\n<div class=\"wp-block-uagb-container uagb-block-a1e142f6\">\n<div class=\"wp-block-uagb-image uagb-block-c9332386 wp-block-uagb-image--layout-default wp-block-uagb-image--effect-zoomin wp-block-uagb-image--align-center\"><figure class=\"wp-block-uagb-image__figure\"><img decoding=\"async\" loading=\"lazy\" srcset=\"https:\/\/santarafaela.edu.pe\/wp-content\/uploads\/2022\/12\/foto-sin-arrugas6-01.jpg \" src=\"https:\/\/santarafaela.edu.pe\/wp-content\/uploads\/2022\/12\/foto-sin-arrugas6-01.jpg\" alt=\"\" class=\"uag-image-2150\" width=\"690\" height=\"378\" title=\"\"\/><\/figure><\/div>\n\n\n\n<div class=\"wp-block-uagb-advanced-heading uagb-block-3fbfb09c\"><h6 class=\"uagb-heading-text\">Directora<\/h6><\/div>\n\n\n\n<div class=\"wp-block-uagb-advanced-heading uagb-block-8418801f\"><h2 class=\"uagb-heading-text\">Mar\u00eda Antonieta Lulli<\/h2><\/div>\n<\/div>\n<\/div><\/div>\n","protected":false},"excerpt":{"rendered":"","protected":false},"author":1,"featured_media":0,"parent":0,"menu_order":0,"comment_status":"closed","ping_status":"closed","template":"","meta":{"om_disable_all_campaigns":false,"_monsterinsights_skip_tracking":false,"_monsterinsights_sitenote_active":false,"_monsterinsights_sitenote_note":"","_monsterinsights_sitenote_category":0,"site-sidebar-layout":"no-sidebar","site-content-layout":"plain-container","ast-site-content-layout":"normal-width-container","site-content-style":"unboxed","site-sidebar-style":"unboxed","ast-global-header-display":"","ast-banner-title-visibility":"","ast-main-header-display":"","ast-hfb-above-header-display":"","ast-hfb-below-header-display":"","ast-hfb-mobile-header-display":"","site-post-title":"disabled","ast-breadcrumbs-content":"disabled","ast-featured-img":"disabled","footer-sml-layout":"","theme-transparent-header-meta":"enabled","adv-header-id-meta":"","stick-header-meta":"","header-above-stick-meta":"","header-main-stick-meta":"","header-below-stick-meta":"","astra-migrate-meta-layouts":"set","ast-page-background-enabled":"default","ast-page-background-meta":{"desktop":{"background-color":"","background-image":"","background-repeat":"repeat","background-position":"center center","background-size":"auto","background-attachment":"scroll","background-type":"","background-media":"","overlay-type":"","overlay-color":"","overlay-opacity":"","overlay-gradient":""},"tablet":{"background-color":"","background-image":"","background-repeat":"repeat","background-position":"center center","background-size":"auto","background-attachment":"scroll","background-type":"","background-media":"","overlay-type":"","overlay-color":"","overlay-opacity":"","overlay-gradient":""},"mobile":{"background-color":"","background-image":"","background-repeat":"repeat","background-position":"center center","background-size":"auto","background-attachment":"scroll","background-type":"","background-media":"","overlay-type":"","overlay-color":"","overlay-opacity":"","overlay-gradient":""}},"ast-content-background-meta":{"desktop":{"background-color":"var(--ast-global-color-5)","background-image":"","background-repeat":"repeat","background-position":"center center","background-size":"auto","background-attachment":"scroll","background-type":"","background-media":"","overlay-type":"","overlay-color":"","overlay-opacity":"","overlay-gradient":""},"tablet":{"background-color":"var(--ast-global-color-5)","background-image":"","background-repeat":"repeat","background-position":"center center","background-size":"auto","background-attachment":"scroll","background-type":"","background-media":"","overlay-type":"","overlay-color":"","overlay-opacity":"","overlay-gradient":""},"mobile":{"background-color":"var(--ast-global-color-5)","background-image":"","background-repeat":"repeat","background-position":"center center","background-size":"auto","background-attachment":"scroll","background-type":"","background-media":"","overlay-type":"","overlay-color":"","overlay-opacity":"","overlay-gradient":""}},"_joinchat":[]},"aioseo_notices":[],"uagb_featured_image_src":{"full":false,"thumbnail":false,"medium":false,"medium_large":false,"large":false,"1536x1536":false,"2048x2048":false},"uagb_author_info":{"display_name":"AngelloCespedes","author_link":"https:\/\/santarafaela.edu.pe\/index.php\/author\/angellocespedes\/"},"uagb_comment_info":0,"uagb_excerpt":null,"_links":{"self":[{"href":"https:\/\/santarafaela.edu.pe\/index.php\/wp-json\/wp\/v2\/pages\/14"}],"collection":[{"href":"https:\/\/santarafaela.edu.pe\/index.php\/wp-json\/wp\/v2\/pages"}],"about":[{"href":"https:\/\/santarafaela.edu.pe\/index.php\/wp-json\/wp\/v2\/types\/page"}],"author":[{"embeddable":true,"href":"https:\/\/santarafaela.edu.pe\/index.php\/wp-json\/wp\/v2\/users\/1"}],"replies":[{"embeddable":true,"href":"https:\/\/santarafaela.edu.pe\/index.php\/wp-json\/wp\/v2\/comments?post=14"}],"version-history":[{"count":47,"href":"https:\/\/santarafaela.edu.pe\/index.php\/wp-json\/wp\/v2\/pages\/14\/revisions"}],"predecessor-version":[{"id":2669,"href":"https:\/\/santarafaela.edu.pe\/index.php\/wp-json\/wp\/v2\/pages\/14\/revisions\/2669"}],"wp:attachment":[{"href":"https:\/\/santarafaela.edu.pe\/index.php\/wp-json\/wp\/v2\/media?parent=14"}],"curies":[{"name":"wp","href":"https:\/\/api.w.org\/{rel}","templated":true}]}}